{"id":651,"date":"2019-05-02T08:08:35","date_gmt":"2019-05-02T08:08:35","guid":{"rendered":"https:\/\/park4you.nl\/haufig-gestellte-fragen\/"},"modified":"2019-05-02T08:10:37","modified_gmt":"2019-05-02T08:10:37","slug":"haufig-gestellte-fragen","status":"publish","type":"page","link":"https:\/\/park4you.nl\/de\/haufig-gestellte-fragen\/","title":{"rendered":"H\u00e4ufig gestellte Fragen"},"content":{"rendered":"<p>[et_pb_section fb_built=&#8220;1&#8243; admin_label=&#8220;Our Approach&#8220; _builder_version=&#8220;3.22.3&#8243; custom_padding=&#8220;0|0px|40px|0px|false|false&#8220;][et_pb_row custom_padding=&#8220;60px|0px|11px|0px|false|false&#8220; _builder_version=&#8220;3.22.3&#8243;][et_pb_column type=&#8220;4_4&#8243; _builder_version=&#8220;3.7&#8243;][et_pb_text _builder_version=&#8220;3.22.4&#8243; text_font=&#8220;ABeeZee||||||||&#8220; text_text_color=&#8220;rgba(0,0,0,0.02)&#8220; text_font_size=&#8220;100px&#8220; text_font_size_tablet=&#8220;80px&#8220; text_font_size_phone=&#8220;60px&#8220; text_font_size_last_edited=&#8220;on|desktop&#8220; text_line_height=&#8220;0.2em&#8220; header_font=&#8220;||||||||&#8220; header_text_align=&#8220;left&#8220; header_2_font=&#8220;Share Tech||||||||&#8220; header_2_font_size=&#8220;48px&#8220; header_2_font_size_phone=&#8220;36px&#8220; header_2_font_size_last_edited=&#8220;on|phone&#8220; header_2_line_height=&#8220;1.4em&#8220; border_color_all=&#8220;#0602FF&#8220; custom_margin=&#8220;||30px||false&#8220; custom_margin_tablet=&#8220;||0px|&#8220; custom_margin_last_edited=&#8220;on|tablet&#8220; inline_fonts=&#8220;ABeeZee&#8220;]<\/p>\n<p><span style=\"font-family: ABeeZee;\">F.a.q.<\/span><\/p>\n<h2><span face=\"ABeeZee\" style=\"font-family: ABeeZee;\">H\u00e4ufig gestellte Fragen<\/span><\/h2>\n<p>[\/et_pb_text][et_pb_text _builder_version=&#8220;3.22.4&#8243; text_font=&#8220;Open Sans||||||||&#8220; text_font_size=&#8220;16px&#8220; text_line_height=&#8220;1.8em&#8220; max_width_last_edited=&#8220;off|desktop&#8220;]<\/p>\n<h2 class=\"title\"><strong style=\"font-size: 16px; color: #666666;\">Wer ist Park4You?<\/strong><\/h2>\n<div class=\"content\">\n<div class=\"row\">\n<div class=\"col-md-8 col-md-offset-2\">\n<p>Park4You ist Internet-Anbieter eines Valet-Service am Flughafen Eindhoven.<\/p>\n<hr \/>\n<p><strong>Was ist der Unterschied zwischen Valetservice und Parkservice?<\/strong><\/p>\n<p>Wenn Sie wieder auf den Parkplatz kommen, m\u00fcssen Sie warten, bis Ihr Fahrer das Auto mitbringt. Beim Parkservice gehen Sie zu Ihrem Auto, damit Sie schneller davonkommen.<\/p>\n<hr \/>\n<p><strong>Wie sind die \u00d6ffnungszeiten?<\/strong><\/p>\n<p>Der Parkservice Valet steht w\u00e4hrend der \u00d6ffnungszeiten des Flughafens zur Verf\u00fcgung.<\/p>\n<hr \/>\n<p><strong>Ist mein Auto sicher auf dem Valet Parking geparkt?<\/strong><\/p>\n<p>Die Parkpl\u00e4tze, auf denen Valet Parking genutzt wird, sind geschlossene Parkpl\u00e4tze.<\/p>\n<hr \/>\n<p><strong>Wo ist mein Auto geparkt?<\/strong><\/p>\n<p>Alle Autos sind in geschlossenen Bereichen in der N\u00e4he des Flughafens Eindhoven geparkt.<\/p>\n<hr \/>\n<p><strong>Wie kann ich einen Parkplatz reservieren?<\/strong><\/p>\n<p>Sie k\u00f6nnen einen Parkplatz \u00fcber unsere Website reservieren. Nach der Zahlung erhalten Sie die Buchungsbest\u00e4tigung per E-Mail. In dieser Buchungsbest\u00e4tigung finden Sie alle wichtigen Informationen wie: Die Adresse des Parkplatzes und die Telefonnummer. Drucken Sie Ihre Reservierung aus und bringen Sie sie mit, damit Sie die Adresse und Telefonnummer bei sich haben.<\/p>\n<hr \/>\n<p><strong>Ist mein Auto bereit, wenn ich zur\u00fcckkomme?<\/strong><\/p>\n<p>Ja, wenn Sie zur\u00fcckkehren, wird Ihr Auto auf dem gleichen Parkplatz sein, wie Sie es ausgestellt haben.<\/p>\n<hr \/>\n<p><strong>Warum wird die Meile angegeben?<\/strong><\/p>\n<p>Damit ist gew\u00e4hrleistet, dass Ihr Auto w\u00e4hrend Ihrer Abwesenheit nicht uneingeschr\u00e4nkt genutzt wird.<\/p>\n<hr \/>\n<p><strong>Werde ich am Flughafen abgesetzt?<\/strong><\/p>\n<p>Nein, einfach weil das Wandern viel schneller ist und der Flughafen Eindhoven 150 Meter vom Valet Parking entfernt ist. Damit werden alle Schranken und Staus umgangen.<\/p>\n<hr \/>\n<p><strong>Warum ist es so billig, mein Auto waschen zu lassen?<\/strong><\/p>\n<p>Da ein gro\u00dfer Teil unserer Kunden (80%) diesen Service in Anspruch nimmt, konnten wir gute Vorkehrungen treffen. Und Sie profitieren davon!<\/p>\n<hr \/>\n<p><strong>Wie kann ich bezahlen?<\/strong><\/p>\n<p>Sie k\u00f6nnen online \u00fcber folgende Zahlungssysteme bezahlen: IDeal, Visa, MasterCard, SOFORT Banking und Mister Cash.<\/p>\n<hr \/>\n<p><strong>Wie kann ich absagen?<\/strong><\/p>\n<p>Sie k\u00f6nnen die Buchung bis zu einer Stunde vor der gebuchten Ankunftszeit stornieren. Stornierungen k\u00f6nnen nur per E-Mail \u00fcber valet@park4you.nl erfolgen. Wenn Sie sp\u00e4ter stornieren oder nicht erscheinen (keine Shows), k\u00f6nnen Sie den Betrag nicht zur\u00fcckerstatten.<\/p>\n<hr \/>\n<p><strong>Bekomme ich mein Geld zur\u00fcck, wenn ich absage?<\/strong><\/p>\n<p>Wenn Sie die Buchung bis 1 Stunde vor Parkbeginn stornieren, berechnen wir 25% des Gesamtbetrages. 75% des Buchungsbetrages werden auf Ihr Konto zur\u00fcckerstattet. Dies gilt nur, wenn Sie<span> <\/span><strong>Geschrieben<\/strong><span> <\/span>(Per E-Mail) absagen. Wenn Sie sp\u00e4ter stornieren oder nicht erscheinen (keine Shows), k\u00f6nnen Sie den Betrag nicht zur\u00fcckerstatten.<\/p>\n<hr \/>\n<p><strong>Ich kenne meine Flugzeiten noch nicht, kann ich schon buchen?<\/strong><\/p>\n<p>Ja, das kann man. Wir empfehlen, volle Tage von 05.00 bis 23.55 Uhr zu reservieren. Sobald Ihre Flugdaten bekannt sind, k\u00f6nnen Sie sie valet@park4you.nl<\/p>\n<hr \/>\n<p><strong>Mein Flugzeug landet um 23.45 Uhr, also bin ich erst nach 24.00 Uhr bei meinem Auto, an welchem Tag f\u00fclle ich mit &#8218; Abfahrt &#8218; aus?<\/strong><\/p>\n<p>Sie geben immer das auf Ihrem Flugticket angegebene Datum ein. Zum Zeitpunkt der F\u00fcllung: 23,55 Stunden. Da uns Ihre Flugnummer bekannt ist, wissen wir genau, wann Sie am Auto stehen.<\/p>\n<hr \/>\n<p><strong>Warum muss ich immer meine Flugnummer passieren?<\/strong><\/p>\n<p>Wir k\u00f6nnen dann im Auge behalten, ob Ihr Flug zum Beispiel Versp\u00e4tung hat oder nur eine halbe Stunde fr\u00fcher als geplant gelandet ist. Sie haben immer die Garantie, dass Ihr Auto fertig ist und wir den Schl\u00fcssel wieder abgeben k\u00f6nnen, damit Sie sofort abfahren k\u00f6nnen.<\/p>\n<hr \/>\n<p>&nbsp;<\/p>\n<p>K\u00f6nnen Sie Ihre Frage hier nicht finden?<\/p>\n<p>Bitte wenden Sie sich an Park4You:<\/p>\n<p><strong>Telefon<span> <\/span>:<\/strong> <a href=\"tel:040-4022744\">+ 31 6 50 60 83 86<\/a><\/p>\n<p><strong>Mail: valet@park4you.nl<\/strong><\/p>\n<\/div>\n<\/div>\n<\/div>\n<p>[\/et_pb_text][\/et_pb_column][\/et_pb_row][\/et_pb_section][et_pb_section fb_built=&#8220;1&#8243; use_custom_gutter=&#8220;on&#8220; gutter_width=&#8220;2&#8243; specialty=&#8220;on&#8220; padding_top_bottom_link_1=&#8220;true&#8220; padding_top_bottom_link_2=&#8220;true&#8220; padding_top_1=&#8220;0px&#8220; padding_top_2=&#8220;0px&#8220; padding_bottom_1=&#8220;0px&#8220; padding_bottom_2=&#8220;0px&#8220; admin_label=&#8220;Button Row&#8220; _builder_version=&#8220;3.22.3&#8243; inner_width=&#8220;100%&#8220; inner_max_width=&#8220;100%&#8220; custom_margin=&#8220;||-36px|&#8220; custom_padding=&#8220;40px||0px||false|false&#8220; use_custom_width=&#8220;on&#8220; width_unit=&#8220;off&#8220; custom_width_percent=&#8220;100%&#8220;][et_pb_column type=&#8220;1_2&#8243; specialty_columns=&#8220;2&#8243; _builder_version=&#8220;3.0.47&#8243; padding_bottom__hover=&#8220;0px&#8220; padding_top__hover=&#8220;0px&#8220; parallax__hover=&#8220;off&#8220; parallax_method__hover=&#8220;on&#8220;][\/et_pb_column][et_pb_column type=&#8220;1_2&#8243; _builder_version=&#8220;3.0.47&#8243; padding_bottom__hover=&#8220;0px&#8220; padding_top__hover=&#8220;0px&#8220; parallax__hover=&#8220;off&#8220; parallax_method__hover=&#8220;on&#8220;][et_pb_blurb title=&#8220;Bis bald am Eindhoven Airport!&#8220; url=&#8220;#&#8220; content_max_width=&#8220;1100px&#8220; content_max_width_last_edited=&#8220;off|desktop&#8220; _builder_version=&#8220;3.22.4&#8243; header_font=&#8220;Open Sans|700||on|||||&#8220; header_font_size=&#8220;14px&#8220; header_letter_spacing=&#8220;5px&#8220; header_line_height=&#8220;2em&#8220; body_font=&#8220;||||||||&#8220; background_color=&#8220;#2573f9&#8243; use_background_color_gradient=&#8220;on&#8220; background_color_gradient_start=&#8220;#0602FF&#8220; background_color_gradient_end=&#8220;#ffffff&#8220; background_color_gradient_direction=&#8220;90deg&#8220; border_radii=&#8220;|100px|||100px&#8220; background_layout=&#8220;dark&#8220; custom_padding=&#8220;20px|40px|12px|40px|false|true&#8220; animation_style=&#8220;slide&#8220; animation_direction=&#8220;right&#8220; animation_intensity_slide=&#8220;5%&#8220; locked=&#8220;off&#8220;][\/et_pb_blurb][\/et_pb_column][\/et_pb_section]<\/p>\n","protected":false},"excerpt":{"rendered":"<p>[et_pb_section fb_built=&#8220;1&#8243; admin_label=&#8220;Our Approach&#8220; _builder_version=&#8220;3.22.3&#8243; custom_padding=&#8220;0|0px|40px|0px|false|false&#8220;][et_pb_row custom_padding=&#8220;60px|0px|11px|0px|false|false&#8220; _builder_version=&#8220;3.22.3&#8243;][et_pb_column type=&#8220;4_4&#8243; _builder_version=&#8220;3.7&#8243;][et_pb_text _builder_version=&#8220;3.22.4&#8243; text_font=&#8220;ABeeZee||||||||&#8220; text_text_color=&#8220;rgba(0,0,0,0.02)&#8220; text_font_size=&#8220;100px&#8220; text_font_size_tablet=&#8220;80px&#8220; text_font_size_phone=&#8220;60px&#8220; text_font_size_last_edited=&#8220;on|desktop&#8220; text_line_height=&#8220;0.2em&#8220; header_font=&#8220;||||||||&#8220; header_text_align=&#8220;left&#8220; header_2_font=&#8220;Share Tech||||||||&#8220; header_2_font_size=&#8220;48px&#8220; header_2_font_size_phone=&#8220;36px&#8220; header_2_font_size_last_edited=&#8220;on|phone&#8220; header_2_line_height=&#8220;1.4em&#8220; border_color_all=&#8220;#0602FF&#8220; custom_margin=&#8220;||30px||false&#8220; custom_margin_tablet=&#8220;||0px|&#8220; custom_margin_last_edited=&#8220;on|tablet&#8220; inline_fonts=&#8220;ABeeZee&#8220;] F.a.q. H\u00e4ufig gestellte Fragen [\/et_pb_text][et_pb_text _builder_version=&#8220;3.22.4&#8243; text_font=&#8220;Open Sans||||||||&#8220; text_font_size=&#8220;16px&#8220; text_line_height=&#8220;1.8em&#8220; max_width_last_edited=&#8220;off|desktop&#8220;] Wer ist Park4You? Park4You ist Internet-Anbieter eines Valet-Service am Flughafen Eindhoven. Was ist [&hellip;]<\/p>\n","protected":false},"author":2,"featured_media":0,"parent":0,"menu_order":0,"comment_status":"closed","ping_status":"closed","template":"","meta":{"_et_pb_use_builder":"on","_et_pb_old_content":"","_et_gb_content_width":"","footnotes":""},"class_list":["post-651","page","type-page","status-publish","hentry"],"_links":{"self":[{"href":"https:\/\/park4you.nl\/de\/wp-json\/wp\/v2\/pages\/651","targetHints":{"allow":["GET"]}}],"collection":[{"href":"https:\/\/park4you.nl\/de\/wp-json\/wp\/v2\/pages"}],"about":[{"href":"https:\/\/park4you.nl\/de\/wp-json\/wp\/v2\/types\/page"}],"author":[{"embeddable":true,"href":"https:\/\/park4you.nl\/de\/wp-json\/wp\/v2\/users\/2"}],"replies":[{"embeddable":true,"href":"https:\/\/park4you.nl\/de\/wp-json\/wp\/v2\/comments?post=651"}],"version-history":[{"count":2,"href":"https:\/\/park4you.nl\/de\/wp-json\/wp\/v2\/pages\/651\/revisions"}],"predecessor-version":[{"id":654,"href":"https:\/\/park4you.nl\/de\/wp-json\/wp\/v2\/pages\/651\/revisions\/654"}],"wp:attachment":[{"href":"https:\/\/park4you.nl\/de\/wp-json\/wp\/v2\/media?parent=651"}],"curies":[{"name":"wp","href":"https:\/\/api.w.org\/{rel}","templated":true}]}}