{"id":569,"date":"2019-04-27T09:58:47","date_gmt":"2019-04-27T09:58:47","guid":{"rendered":"https:\/\/park4you.nl\/reservation\/"},"modified":"2020-02-21T11:46:52","modified_gmt":"2020-02-21T11:46:52","slug":"reservation","status":"publish","type":"page","link":"https:\/\/park4you.nl\/fr\/reservation\/","title":{"rendered":"R\u00e9servation"},"content":{"rendered":"<p>[et_pb_section fb_built=\u00a0\u00bb1&Prime; admin_label=\u00a0\u00bbOur Approach\u00a0\u00bb _builder_version=\u00a0\u00bb3.22.3&Prime; custom_padding=\u00a0\u00bb0|0px|54px|0px|false|false\u00a0\u00bb][et_pb_row _builder_version=\u00a0\u00bb3.25&Prime; custom_padding=\u00a0\u00bb66px|0px|0|0px|false|false\u00a0\u00bb][et_pb_column type=\u00a0\u00bb4_4&Prime; _builder_version=\u00a0\u00bb3.25&Prime; custom_padding=\u00a0\u00bb|||\u00a0\u00bb custom_padding__hover=\u00a0\u00bb|||\u00a0\u00bb][et_pb_text _builder_version=\u00a0\u00bb3.27.4&Prime; text_font=\u00a0\u00bbShare Tech||||||||\u00a0\u00bb text_text_color=\u00a0\u00bbrgba(0,0,0,0.02)\u00a0\u00bb text_font_size=\u00a0\u00bb100px\u00a0\u00bb text_line_height=\u00a0\u00bb0.2em\u00a0\u00bb header_font=\u00a0\u00bb||||||||\u00a0\u00bb header_2_font=\u00a0\u00bbShare Tech||||||||\u00a0\u00bb header_2_font_size=\u00a0\u00bb48px\u00a0\u00bb header_2_line_height=\u00a0\u00bb1.4em\u00a0\u00bb custom_margin=\u00a0\u00bb||30px||false\u00a0\u00bb custom_margin_tablet=\u00a0\u00bb||0px|\u00a0\u00bb custom_margin_phone=\u00a0\u00bb\u00a0\u00bb custom_margin_last_edited=\u00a0\u00bbon|tablet\u00a0\u00bb text_font_size_tablet=\u00a0\u00bb80px\u00a0\u00bb text_font_size_phone=\u00a0\u00bb60px\u00a0\u00bb text_font_size_last_edited=\u00a0\u00bbon|desktop\u00a0\u00bb header_2_font_size_tablet=\u00a0\u00bb\u00a0\u00bb header_2_font_size_phone=\u00a0\u00bb36px\u00a0\u00bb header_2_font_size_last_edited=\u00a0\u00bbon|phone\u00a0\u00bb inline_fonts=\u00a0\u00bbABeeZee\u00a0\u00bb]<\/p>\n<p><span style=\"font-family: ABeeZee\">R\u00e9servation<\/span><\/p>\n<h2><span style=\"font-family: ABeeZee\">R\u00e9servez facilement votre place de parking en ligne<\/span><\/h2>\n<p>[\/et_pb_text][et_pb_text _builder_version=\u00a0\u00bb3.27.4&Prime; text_font=\u00a0\u00bbOpen Sans||||||||\u00a0\u00bb text_font_size=\u00a0\u00bb16px\u00a0\u00bb text_line_height=\u00a0\u00bb1.8em\u00a0\u00bb max_width_last_edited=\u00a0\u00bboff|desktop\u00a0\u00bb inline_fonts=\u00a0\u00bbABeeZee\u00a0\u00bb]<\/p>\n<p><span style=\"font-family: ABeeZee\">Chez Park4You nous voulons vous faciliter la vie autant que possible. Utilisez notre formulaire de r\u00e9servation pour calculer votre tarif et r\u00e9server votre place de parking chez nous. C&rsquo;est facile et rapide ! Vous recevrez la confirmation par e-mail avec votre ticket de parking et les instructions n\u00e9cessaires. <\/span><\/p>\n<p>[\/et_pb_text][\/et_pb_column][\/et_pb_row][\/et_pb_section][et_pb_section fb_built=\u00a0\u00bb1&Prime; fullwidth=\u00a0\u00bbon\u00a0\u00bb _builder_version=\u00a0\u00bb4.3.2&Prime;][et_pb_fullwidth_code _builder_version=\u00a0\u00bb4.3.2&Prime; hover_enabled=\u00a0\u00bb0&Prime;]<script> \n\n\t\t\tdocument.addEventListener(\"scroll\", function () {\n\t\t\t\tvar iframe = document.getElementById(\"parkingpro_booking_widgets_iframe\");\n\t\t\t\tvar rect = iframe.getBoundingClientRect();\n\t\t\t\tvar top_value = rect.top;\n\n\t\t\n\t\t\t\tiframe.contentWindow.postMessage({\n\t\t\t\t\tevent: \"parkingPro.widget.scroll\",\n\t\t\t\t\ttop: top_value\n\t\t\t\t}, \"*\");\n\t\t\t});\n\n\t\t\twindow.addEventListener(\"message\", function (e) { \n\t\t\t\tif(e.data.event === \"parkingPro.domain.reservationAdded\") {  \n\t    \t\tjQuery(\"html, body\").animate({\n\t        \t\tscrollTop: jQuery(\"#parkingpro_booking_widgets_iframe\").offset().top\n\t        \t}, 600); \n\t        }\n\n\t    \tif( e.data.event === \"parkingPro.ui.pageHeightChanged\" ) \n            {\n                jQuery(\"#parkingpro_booking_widgets_iframe\").height(e.data.newHeight + 50);\n            }\n\n\t\t\tif ( e.data.event === \"parkingPro.ui.scroll\" )\n\t\t\t{\n\t\t\t\tvar scrollAppendElements = jQuery(\"\");\n\n\t\t\t\tvar headerHeight = scrollAppendElements\n\t\t\t\t\t.map(function (x) { \n\t\t\t\t\t\treturn jQuery(this).outerHeight();\n\t\t\t\t\t})\n\t\t\t\t\t.get()\n\t\t\t\t\t.reduce(function (prev, curr) {\n\t\t\t\t\t\treturn prev + curr;\n\t\t\t\t\t}, 0);\n\n\t\t\t\tjQuery(\"html, body\").animate({\n\t        \t\tscrollTop: jQuery(\"#parkingpro_booking_widgets_iframe\").offset().top + e.data.scrollTop - headerHeight\n\t        \t}, 600); \n\t\t\t}\n            \n\t        }, false);<\/script><iframe loading=\"lazy\" id=\"parkingpro_booking_widgets_iframe\" style=\"width: 100%; src=\"about:blank\" padding: 0; border: 0;\" width=\"100%\" height=\"2250\" frameborder=\"0\" scrolling=\"yes\"><\/iframe><script>\n\n\t\t\ttry { \n\t\t\t\tvar iframe = document.querySelector('#parkingpro_booking_widgets_iframe');\n\t\t\t\tiframe.src = 'https:\/\/park4you.myparking.pro\/reservations\/add?&hideHeader&hideTitle&culture=fr-FR';\n\t\t\t} \n\t\t\tcatch(e) {\n\t\t\t\tconsole.log(e);\n\t\t\t}\n\n\t\t<\/script>[\/et_pb_fullwidth_code][\/et_pb_section][et_pb_section fb_built=\u00a0\u00bb1&Prime; use_custom_gutter=\u00a0\u00bbon\u00a0\u00bb gutter_width=\u00a0\u00bb2&Prime; specialty=\u00a0\u00bbon\u00a0\u00bb padding_top_bottom_link_1=\u00a0\u00bbtrue\u00a0\u00bb padding_top_bottom_link_2=\u00a0\u00bbtrue\u00a0\u00bb padding_top_1=\u00a0\u00bb0px\u00a0\u00bb padding_top_2=\u00a0\u00bb0px\u00a0\u00bb padding_bottom_1=\u00a0\u00bb0px\u00a0\u00bb padding_bottom_2=\u00a0\u00bb0px\u00a0\u00bb admin_label=\u00a0\u00bbButton Row\u00a0\u00bb _builder_version=\u00a0\u00bb3.22.3&Prime; inner_width=\u00a0\u00bb100%\u00a0\u00bb inner_max_width=\u00a0\u00bb100%\u00a0\u00bb custom_margin=\u00a0\u00bb||-36px|\u00a0\u00bb custom_padding=\u00a0\u00bb60px||0px||false|false\u00a0\u00bb use_custom_width=\u00a0\u00bbon\u00a0\u00bb width_unit=\u00a0\u00bboff\u00a0\u00bb custom_width_percent=\u00a0\u00bb100%\u00a0\u00bb][et_pb_column type=\u00a0\u00bb1_2&Prime; specialty_columns=\u00a0\u00bb2&Prime; _builder_version=\u00a0\u00bb3.25&Prime; custom_padding=\u00a0\u00bb|||\u00a0\u00bb padding_bottom__hover=\u00a0\u00bb0px\u00a0\u00bb padding_top__hover=\u00a0\u00bb0px\u00a0\u00bb parallax__hover=\u00a0\u00bboff\u00a0\u00bb parallax_method__hover=\u00a0\u00bbon\u00a0\u00bb custom_padding__hover=\u00a0\u00bb|||\u00a0\u00bb][\/et_pb_column][et_pb_column type=\u00a0\u00bb1_2&Prime; _builder_version=\u00a0\u00bb3.25&Prime; custom_padding=\u00a0\u00bb|||\u00a0\u00bb padding_bottom__hover=\u00a0\u00bb0px\u00a0\u00bb padding_top__hover=\u00a0\u00bb0px\u00a0\u00bb parallax__hover=\u00a0\u00bboff\u00a0\u00bb parallax_method__hover=\u00a0\u00bbon\u00a0\u00bb custom_padding__hover=\u00a0\u00bb|||\u00a0\u00bb][et_pb_blurb title=\u00a0\u00bb\u00c0 bient\u00f4t \u00e0 l\u2019a\u00e9roport d\u2019Eindhoven !\u00a0\u00bb url=\u00a0\u00bb#\u00a0\u00bb content_max_width=\u00a0\u00bb1100px\u00a0\u00bb content_max_width_last_edited=\u00a0\u00bboff|desktop\u00a0\u00bb _builder_version=\u00a0\u00bb3.22.4&Prime; header_font=\u00a0\u00bbABeeZee|700||on|||||\u00a0\u00bb header_font_size=\u00a0\u00bb14px\u00a0\u00bb header_letter_spacing=\u00a0\u00bb5px\u00a0\u00bb header_line_height=\u00a0\u00bb2em\u00a0\u00bb body_font=\u00a0\u00bbABeeZee||||||||\u00a0\u00bb background_color=\u00a0\u00bb#2573f9&Prime; use_background_color_gradient=\u00a0\u00bbon\u00a0\u00bb background_color_gradient_start=\u00a0\u00bb#0602FF\u00a0\u00bb background_color_gradient_end=\u00a0\u00bb#ffffff\u00a0\u00bb background_color_gradient_direction=\u00a0\u00bb90deg\u00a0\u00bb background_layout=\u00a0\u00bbdark\u00a0\u00bb custom_padding=\u00a0\u00bb20px|40px|12px|40px|false|true\u00a0\u00bb animation_style=\u00a0\u00bbslide\u00a0\u00bb animation_direction=\u00a0\u00bbright\u00a0\u00bb animation_intensity_slide=\u00a0\u00bb5%\u00a0\u00bb border_radii=\u00a0\u00bb|100px|||100px\u00a0\u00bb locked=\u00a0\u00bboff\u00a0\u00bb][\/et_pb_blurb][\/et_pb_column][\/et_pb_section]<\/p>\n","protected":false},"excerpt":{"rendered":"<p>[et_pb_section fb_built=\u00a0\u00bb1&Prime; admin_label=\u00a0\u00bbOur Approach\u00a0\u00bb _builder_version=\u00a0\u00bb3.22.3&Prime; custom_padding=\u00a0\u00bb0|0px|54px|0px|false|false\u00a0\u00bb][et_pb_row _builder_version=\u00a0\u00bb3.25&Prime; custom_padding=\u00a0\u00bb66px|0px|0|0px|false|false\u00a0\u00bb][et_pb_column type=\u00a0\u00bb4_4&Prime; _builder_version=\u00a0\u00bb3.25&Prime; custom_padding=\u00a0\u00bb|||\u00a0\u00bb custom_padding__hover=\u00a0\u00bb|||\u00a0\u00bb][et_pb_text _builder_version=\u00a0\u00bb3.27.4&Prime; text_font=\u00a0\u00bbShare Tech||||||||\u00a0\u00bb text_text_color=\u00a0\u00bbrgba(0,0,0,0.02)\u00a0\u00bb text_font_size=\u00a0\u00bb100px\u00a0\u00bb text_line_height=\u00a0\u00bb0.2em\u00a0\u00bb header_font=\u00a0\u00bb||||||||\u00a0\u00bb header_2_font=\u00a0\u00bbShare Tech||||||||\u00a0\u00bb header_2_font_size=\u00a0\u00bb48px\u00a0\u00bb header_2_line_height=\u00a0\u00bb1.4em\u00a0\u00bb custom_margin=\u00a0\u00bb||30px||false\u00a0\u00bb custom_margin_tablet=\u00a0\u00bb||0px|\u00a0\u00bb custom_margin_phone=\u00a0\u00bb\u00a0\u00bb custom_margin_last_edited=\u00a0\u00bbon|tablet\u00a0\u00bb text_font_size_tablet=\u00a0\u00bb80px\u00a0\u00bb text_font_size_phone=\u00a0\u00bb60px\u00a0\u00bb text_font_size_last_edited=\u00a0\u00bbon|desktop\u00a0\u00bb header_2_font_size_tablet=\u00a0\u00bb\u00a0\u00bb header_2_font_size_phone=\u00a0\u00bb36px\u00a0\u00bb header_2_font_size_last_edited=\u00a0\u00bbon|phone\u00a0\u00bb inline_fonts=\u00a0\u00bbABeeZee\u00a0\u00bb] R\u00e9servation R\u00e9servez facilement votre place de parking en ligne [\/et_pb_text][et_pb_text _builder_version=\u00a0\u00bb3.27.4&Prime; text_font=\u00a0\u00bbOpen Sans||||||||\u00a0\u00bb text_font_size=\u00a0\u00bb16px\u00a0\u00bb text_line_height=\u00a0\u00bb1.8em\u00a0\u00bb max_width_last_edited=\u00a0\u00bboff|desktop\u00a0\u00bb inline_fonts=\u00a0\u00bbABeeZee\u00a0\u00bb] Chez Park4You nous voulons [&hellip;]<\/p>\n","protected":false},"author":2,"featured_media":0,"parent":0,"menu_order":0,"comment_status":"closed","ping_status":"closed","template":"","meta":{"_et_pb_use_builder":"on","_et_pb_old_content":"<!-- wp:divi\/placeholder \/-->","_et_gb_content_width":"","footnotes":""},"class_list":["post-569","page","type-page","status-publish","hentry"],"_links":{"self":[{"href":"https:\/\/park4you.nl\/fr\/wp-json\/wp\/v2\/pages\/569","targetHints":{"allow":["GET"]}}],"collection":[{"href":"https:\/\/park4you.nl\/fr\/wp-json\/wp\/v2\/pages"}],"about":[{"href":"https:\/\/park4you.nl\/fr\/wp-json\/wp\/v2\/types\/page"}],"author":[{"embeddable":true,"href":"https:\/\/park4you.nl\/fr\/wp-json\/wp\/v2\/users\/2"}],"replies":[{"embeddable":true,"href":"https:\/\/park4you.nl\/fr\/wp-json\/wp\/v2\/comments?post=569"}],"version-history":[{"count":5,"href":"https:\/\/park4you.nl\/fr\/wp-json\/wp\/v2\/pages\/569\/revisions"}],"predecessor-version":[{"id":781,"href":"https:\/\/park4you.nl\/fr\/wp-json\/wp\/v2\/pages\/569\/revisions\/781"}],"wp:attachment":[{"href":"https:\/\/park4you.nl\/fr\/wp-json\/wp\/v2\/media?parent=569"}],"curies":[{"name":"wp","href":"https:\/\/api.w.org\/{rel}","templated":true}]}}