{"id":721,"date":"2019-05-03T08:04:24","date_gmt":"2019-05-03T08:04:24","guid":{"rendered":"https:\/\/park4you.nl\/faq\/"},"modified":"2019-05-03T08:04:25","modified_gmt":"2019-05-03T08:04:25","slug":"faq","status":"publish","type":"page","link":"https:\/\/park4you.nl\/fr\/faq\/","title":{"rendered":"FAQ"},"content":{"rendered":"<p>[et_pb_section fb_built=\u00a0\u00bb1&Prime; admin_label=\u00a0\u00bbOur Approach\u00a0\u00bb _builder_version=\u00a0\u00bb3.22.3&Prime; custom_padding=\u00a0\u00bb0|0px|40px|0px|false|false\u00a0\u00bb][et_pb_row custom_padding=\u00a0\u00bb60px|0px|11px|0px|false|false\u00a0\u00bb _builder_version=\u00a0\u00bb3.22.3&Prime;][et_pb_column type=\u00a0\u00bb4_4&Prime; _builder_version=\u00a0\u00bb3.7&Prime;][et_pb_text _builder_version=\u00a0\u00bb3.22.4&Prime; text_font=\u00a0\u00bbABeeZee||||||||\u00a0\u00bb text_text_color=\u00a0\u00bbrgba(0,0,0,0.02)\u00a0\u00bb text_font_size=\u00a0\u00bb100px\u00a0\u00bb text_font_size_tablet=\u00a0\u00bb80px\u00a0\u00bb text_font_size_phone=\u00a0\u00bb60px\u00a0\u00bb text_font_size_last_edited=\u00a0\u00bbon|desktop\u00a0\u00bb text_line_height=\u00a0\u00bb0.2em\u00a0\u00bb header_font=\u00a0\u00bb||||||||\u00a0\u00bb header_text_align=\u00a0\u00bbleft\u00a0\u00bb header_2_font=\u00a0\u00bbShare Tech||||||||\u00a0\u00bb header_2_font_size=\u00a0\u00bb48px\u00a0\u00bb header_2_font_size_phone=\u00a0\u00bb36px\u00a0\u00bb header_2_font_size_last_edited=\u00a0\u00bbon|phone\u00a0\u00bb header_2_line_height=\u00a0\u00bb1.4em\u00a0\u00bb border_color_all=\u00a0\u00bb#0602FF\u00a0\u00bb custom_margin=\u00a0\u00bb||30px||false\u00a0\u00bb custom_margin_tablet=\u00a0\u00bb||0px|\u00a0\u00bb custom_margin_last_edited=\u00a0\u00bbon|tablet\u00a0\u00bb inline_fonts=\u00a0\u00bbABeeZee\u00a0\u00bb]<\/p>\n<p><span style=\"font-family: ABeeZee;\">F.A.Q.<\/span><\/p>\n<h2><span face=\"ABeeZee\" style=\"font-family: ABeeZee;\">Foire aux questions<\/span><\/h2>\n<p>[\/et_pb_text][et_pb_text _builder_version=\u00a0\u00bb3.22.4&Prime; text_font=\u00a0\u00bbOpen Sans||||||||\u00a0\u00bb text_font_size=\u00a0\u00bb16px\u00a0\u00bb text_line_height=\u00a0\u00bb1.8em\u00a0\u00bb max_width_last_edited=\u00a0\u00bboff|desktop\u00a0\u00bb]<\/p>\n<h2 class=\"title\"><strong style=\"font-size: 16px; color: #666666;\">Qui est Park4You?<\/strong><\/h2>\n<div class=\"content\">\n<div class=\"row\">\n<div class=\"col-md-8 col-md-offset-2\">\n<p>Park4You est un fournisseur d\u2019acc\u00e8s Internet d\u2019un service de voiturier \u00e0 l\u2019a\u00e9roport d\u2019Eindhoven.<\/p>\n<hr>\n<p><strong>Quelle est la diff\u00e9rence entre un service de voiturier et un parking?<\/strong><\/p>\n<p>Quand vous revenez au parking de voiturier, vous devez attendre que votre chauffeur am\u00e8ne la voiture. Au service de stationnement, vous marchez \u00e0 votre voiture afin que vous puissiez vous \u00e9loigner plus rapidement.<\/p>\n<hr>\n<p><strong>Quelles sont les heures d\u2019ouverture?<\/strong><\/p>\n<p>Le service de voiturier est disponible pendant les heures d\u2019ouverture de l\u2019a\u00e9roport.<\/p>\n<hr>\n<p><strong>Ma voiture est-elle gar\u00e9e en toute s\u00e9curit\u00e9 \u00e0 Valet Parking?<\/strong><\/p>\n<p>Les parkings o\u00f9 le valet de parking est utilis\u00e9 sont des parkings ferm\u00e9s.<\/p>\n<hr>\n<p><strong>O\u00f9 est ma voiture gar\u00e9e?<\/strong><\/p>\n<p>Toutes les voitures sont stationn\u00e9es dans des zones ferm\u00e9es pr\u00e8s de l\u2019a\u00e9roport d\u2019Eindhoven.<\/p>\n<hr>\n<p><strong>Comment puis-je r\u00e9server une place de parking?<\/strong><\/p>\n<p>Vous pouvez r\u00e9server une place de parking via notre site Web. Apr\u00e8s le paiement, vous recevrez la confirmation de r\u00e9servation par e-mail. Dans cette confirmation de r\u00e9servation, vous pouvez trouver toutes les informations importantes telles que: l\u2019adresse de l\u2019emplacement du parking et le num\u00e9ro de t\u00e9l\u00e9phone. Imprimez votre r\u00e9servation et apportez-la avec vous afin que vous ayez l\u2019adresse et le num\u00e9ro de t\u00e9l\u00e9phone avec vous.<\/p>\n<hr>\n<p><strong>Ma voiture est pr\u00eate quand je reviens?<\/strong><\/p>\n<p>Oui, \u00e0 votre retour, votre voiture sera sur le m\u00eame lieu de stationnement que celui o\u00f9 vous l\u2019avez \u00e9mise.<\/p>\n<hr>\n<p><strong>Pourquoi le kilom\u00e9trage est-il cit\u00e9?<\/strong><\/p>\n<p>Cela garantit que votre voiture ne sera pas utilis\u00e9e sans limite pendant votre absence.<\/p>\n<hr>\n<p><strong>Est-ce que je suis d\u00e9pos\u00e9 \u00e0 l\u2019a\u00e9roport?<\/strong><\/p>\n<p>Non, simplement parce que la randonn\u00e9e est beaucoup plus rapide et l\u2019a\u00e9roport d\u2019Eindhoven est \u00e0 150 m\u00e8tres \u00e0 pied du parking avec voiturier. Cela contourne toutes les barri\u00e8res et les embouteillages.<\/p>\n<hr>\n<p><strong>Pourquoi est-il si bon march\u00e9 de faire laver ma voiture?<\/strong><\/p>\n<p>Parce qu\u2019une grande partie de nos clients (80%) utilise ce service, nous avons \u00e9t\u00e9 en mesure de prendre de bonnes dispositions. Et vous en profiterez!<\/p>\n<hr>\n<p><strong>Comment puis-je payer?<\/strong><\/p>\n<p>Vous pouvez payer en ligne via les syst\u00e8mes de paiement suivants: id\u00e9al, Visa, MasterCard, SOFORT Banking et Mister Cash.<\/p>\n<hr>\n<p><strong>Comment puis-je annuler?<\/strong><\/p>\n<p>Vous pouvez annuler la r\u00e9servation jusqu\u2019\u00e0 1 heure avant votre heure d\u2019arriv\u00e9e r\u00e9serv\u00e9e. Les annulations ne peuvent \u00eatre effectu\u00e9es que par e-mail via valet@park4you.nl. Si vous annulez plus tard, ou ne vous montrez pas (pas de spectacles), vous ne pouvez pas rembourser le montant.<\/p>\n<hr>\n<p><strong>Est-ce que je vais r\u00e9cup\u00e9rer mon argent si j\u2019annule?<\/strong><\/p>\n<p>Si vous annulez la r\u00e9servation jusqu\u2019\u00e0 1 heure avant le d\u00e9but du stationnement, nous facturerons 25% du montant total. 75% du montant de la r\u00e9servation sera rembours\u00e9 sur votre compte. Cela ne s\u2019applique que si vous<span> <\/span><strong>\u00e9crit<\/strong><span> <\/span>(par e-mail) annule. Si vous annulez plus tard, ou ne vous montrez pas (pas de spectacles), vous ne pouvez pas rembourser le montant.<\/p>\n<hr>\n<p><strong>Je ne connais pas encore mes heures de vol, puis-je d\u00e9j\u00e0 r\u00e9server?<\/strong><\/p>\n<p>Si, tu peux. Nous vous conseillons de r\u00e9server des jours complets de 05,00 \u00e0 23,55. Une fois que vos d\u00e9tails de vol sont connus, vous pouvez les passer par valet@park4you.nl<\/p>\n<hr>\n<p><strong>Mon avion atterrit \u00e0 23,45 AM, donc je suis seulement apr\u00e8s 24,00 heures \u00e0 ma voiture, quel jour dois-je remplir avec \u00abd\u00e9part\u00bb?<\/strong><\/p>\n<p>Vous remplissez toujours la date indiqu\u00e9e sur votre billet d\u2019avion. Au moment o\u00f9 vous remplissez: 23,55 heures. Parce que votre num\u00e9ro de vol est connu de nous, nous savons exactement quand vous serez \u00e0 votre voiture.<\/p>\n<hr>\n<p><strong>Pourquoi dois-je toujours passer mon num\u00e9ro de vol?<\/strong><\/p>\n<p>Nous pouvons alors garder un oeil sur si votre vol est retard\u00e9, par exemple, ou est d\u00e9barqu\u00e9 juste une demi-heure plus t\u00f4t que pr\u00e9vu. Vous avez toujours la garantie que votre voiture sera pr\u00eate et nous pouvons remettre la cl\u00e9 \u00e0 nouveau afin que vous puissiez partir imm\u00e9diatement.<\/p>\n<hr>\n<p>&nbsp;<\/p>\n<p>Vous ne trouvez pas votre question ici?<\/p>\n<p>S\u2019il vous pla\u00eet contacter Park4You:<\/p>\n<p><strong>Num\u00e9ro de<span> <\/span>T\u00e9l\u00e9phone:<\/strong> <a href=\"tel:040-4022744\">+ 31 6 50 60 83 86<\/a><\/p>\n<p><strong>Courriel: valet@park4you.nl<\/strong><\/p>\n<\/div>\n<\/div>\n<\/div>\n<p>[\/et_pb_text][\/et_pb_column][\/et_pb_row][\/et_pb_section][et_pb_section fb_built=\u00a0\u00bb1&Prime; use_custom_gutter=\u00a0\u00bbon\u00a0\u00bb gutter_width=\u00a0\u00bb2&Prime; specialty=\u00a0\u00bbon\u00a0\u00bb padding_top_bottom_link_1=\u00a0\u00bbtrue\u00a0\u00bb padding_top_bottom_link_2=\u00a0\u00bbtrue\u00a0\u00bb padding_top_1=\u00a0\u00bb0px\u00a0\u00bb padding_top_2=\u00a0\u00bb0px\u00a0\u00bb padding_bottom_1=\u00a0\u00bb0px\u00a0\u00bb padding_bottom_2=\u00a0\u00bb0px\u00a0\u00bb admin_label=\u00a0\u00bbButton Row\u00a0\u00bb _builder_version=\u00a0\u00bb3.22.3&Prime; inner_width=\u00a0\u00bb100%\u00a0\u00bb inner_max_width=\u00a0\u00bb100%\u00a0\u00bb custom_margin=\u00a0\u00bb||-36px|\u00a0\u00bb custom_padding=\u00a0\u00bb40px||0px||false|false\u00a0\u00bb use_custom_width=\u00a0\u00bbon\u00a0\u00bb width_unit=\u00a0\u00bboff\u00a0\u00bb custom_width_percent=\u00a0\u00bb100%\u00a0\u00bb][et_pb_column type=\u00a0\u00bb1_2&Prime; specialty_columns=\u00a0\u00bb2&Prime; _builder_version=\u00a0\u00bb3.0.47&Prime; padding_bottom__hover=\u00a0\u00bb0px\u00a0\u00bb padding_top__hover=\u00a0\u00bb0px\u00a0\u00bb parallax__hover=\u00a0\u00bboff\u00a0\u00bb parallax_method__hover=\u00a0\u00bbon\u00a0\u00bb][\/et_pb_column][et_pb_column type=\u00a0\u00bb1_2&Prime; _builder_version=\u00a0\u00bb3.0.47&Prime; padding_bottom__hover=\u00a0\u00bb0px\u00a0\u00bb padding_top__hover=\u00a0\u00bb0px\u00a0\u00bb parallax__hover=\u00a0\u00bboff\u00a0\u00bb parallax_method__hover=\u00a0\u00bbon\u00a0\u00bb][et_pb_blurb title=\u00a0\u00bb\u00c0 bient\u00f4t \u00e0 l\u2019a\u00e9roport d\u2019Eindhoven !\u00a0\u00bb url=\u00a0\u00bb#\u00a0\u00bb content_max_width=\u00a0\u00bb1100px\u00a0\u00bb content_max_width_last_edited=\u00a0\u00bboff|desktop\u00a0\u00bb _builder_version=\u00a0\u00bb3.22.4&Prime; header_font=\u00a0\u00bbOpen Sans|700||on|||||\u00a0\u00bb header_font_size=\u00a0\u00bb14px\u00a0\u00bb header_letter_spacing=\u00a0\u00bb5px\u00a0\u00bb header_line_height=\u00a0\u00bb2em\u00a0\u00bb body_font=\u00a0\u00bb||||||||\u00a0\u00bb background_color=\u00a0\u00bb#2573f9&Prime; use_background_color_gradient=\u00a0\u00bbon\u00a0\u00bb background_color_gradient_start=\u00a0\u00bb#0602FF\u00a0\u00bb background_color_gradient_end=\u00a0\u00bb#ffffff\u00a0\u00bb background_color_gradient_direction=\u00a0\u00bb90deg\u00a0\u00bb border_radii=\u00a0\u00bb|100px|||100px\u00a0\u00bb background_layout=\u00a0\u00bbdark\u00a0\u00bb custom_padding=\u00a0\u00bb20px|40px|12px|40px|false|true\u00a0\u00bb animation_style=\u00a0\u00bbslide\u00a0\u00bb animation_direction=\u00a0\u00bbright\u00a0\u00bb animation_intensity_slide=\u00a0\u00bb5%\u00a0\u00bb locked=\u00a0\u00bboff\u00a0\u00bb][\/et_pb_blurb][\/et_pb_column][\/et_pb_section]<\/p>\n","protected":false},"excerpt":{"rendered":"<p>[et_pb_section fb_built=\u00a0\u00bb1&Prime; admin_label=\u00a0\u00bbOur Approach\u00a0\u00bb _builder_version=\u00a0\u00bb3.22.3&Prime; custom_padding=\u00a0\u00bb0|0px|40px|0px|false|false\u00a0\u00bb][et_pb_row custom_padding=\u00a0\u00bb60px|0px|11px|0px|false|false\u00a0\u00bb _builder_version=\u00a0\u00bb3.22.3&Prime;][et_pb_column type=\u00a0\u00bb4_4&Prime; _builder_version=\u00a0\u00bb3.7&Prime;][et_pb_text _builder_version=\u00a0\u00bb3.22.4&Prime; text_font=\u00a0\u00bbABeeZee||||||||\u00a0\u00bb text_text_color=\u00a0\u00bbrgba(0,0,0,0.02)\u00a0\u00bb text_font_size=\u00a0\u00bb100px\u00a0\u00bb text_font_size_tablet=\u00a0\u00bb80px\u00a0\u00bb text_font_size_phone=\u00a0\u00bb60px\u00a0\u00bb text_font_size_last_edited=\u00a0\u00bbon|desktop\u00a0\u00bb text_line_height=\u00a0\u00bb0.2em\u00a0\u00bb header_font=\u00a0\u00bb||||||||\u00a0\u00bb header_text_align=\u00a0\u00bbleft\u00a0\u00bb header_2_font=\u00a0\u00bbShare Tech||||||||\u00a0\u00bb header_2_font_size=\u00a0\u00bb48px\u00a0\u00bb header_2_font_size_phone=\u00a0\u00bb36px\u00a0\u00bb header_2_font_size_last_edited=\u00a0\u00bbon|phone\u00a0\u00bb header_2_line_height=\u00a0\u00bb1.4em\u00a0\u00bb border_color_all=\u00a0\u00bb#0602FF\u00a0\u00bb custom_margin=\u00a0\u00bb||30px||false\u00a0\u00bb custom_margin_tablet=\u00a0\u00bb||0px|\u00a0\u00bb custom_margin_last_edited=\u00a0\u00bbon|tablet\u00a0\u00bb inline_fonts=\u00a0\u00bbABeeZee\u00a0\u00bb] F.A.Q. Foire aux questions [\/et_pb_text][et_pb_text _builder_version=\u00a0\u00bb3.22.4&Prime; text_font=\u00a0\u00bbOpen Sans||||||||\u00a0\u00bb text_font_size=\u00a0\u00bb16px\u00a0\u00bb text_line_height=\u00a0\u00bb1.8em\u00a0\u00bb max_width_last_edited=\u00a0\u00bboff|desktop\u00a0\u00bb] Qui est Park4You? Park4You est un fournisseur d\u2019acc\u00e8s Internet d\u2019un service de voiturier [&hellip;]<\/p>\n","protected":false},"author":2,"featured_media":0,"parent":0,"menu_order":0,"comment_status":"closed","ping_status":"closed","template":"","meta":{"_et_pb_use_builder":"on","_et_pb_old_content":"","_et_gb_content_width":"","footnotes":""},"class_list":["post-721","page","type-page","status-publish","hentry"],"_links":{"self":[{"href":"https:\/\/park4you.nl\/fr\/wp-json\/wp\/v2\/pages\/721","targetHints":{"allow":["GET"]}}],"collection":[{"href":"https:\/\/park4you.nl\/fr\/wp-json\/wp\/v2\/pages"}],"about":[{"href":"https:\/\/park4you.nl\/fr\/wp-json\/wp\/v2\/types\/page"}],"author":[{"embeddable":true,"href":"https:\/\/park4you.nl\/fr\/wp-json\/wp\/v2\/users\/2"}],"replies":[{"embeddable":true,"href":"https:\/\/park4you.nl\/fr\/wp-json\/wp\/v2\/comments?post=721"}],"version-history":[{"count":1,"href":"https:\/\/park4you.nl\/fr\/wp-json\/wp\/v2\/pages\/721\/revisions"}],"predecessor-version":[{"id":722,"href":"https:\/\/park4you.nl\/fr\/wp-json\/wp\/v2\/pages\/721\/revisions\/722"}],"wp:attachment":[{"href":"https:\/\/park4you.nl\/fr\/wp-json\/wp\/v2\/media?parent=721"}],"curies":[{"name":"wp","href":"https:\/\/api.w.org\/{rel}","templated":true}]}}